{"id":129,"date":"2023-03-16T15:46:20","date_gmt":"2023-03-16T14:46:20","guid":{"rendered":"https:\/\/ciranje.de\/?page_id=129"},"modified":"2023-03-22T22:27:05","modified_gmt":"2023-03-22T21:27:05","slug":"roman-ich-sehe-dich-mich","status":"publish","type":"page","link":"https:\/\/ciranje.de\/index.php\/roman-ich-sehe-dich-mich\/","title":{"rendered":"Roman &#8211; Ich sehe dich\/mich"},"content":{"rendered":"\n<p class=\"has-small-font-size\">Als mir auffiel, dass die wirklich wichtigen Dinge, die das Leben lehrt, nicht einfach erkl\u00e4rbar sind und, dass unsere Sprache zum beschreiben wesentlicher Erfahrungen nicht ausreicht, suchte ich nach einer M\u00f6glichkeit, Dich, und m\u00f6glichst viele andere Menschen doch irgendwie an den Erkenntnissen meiner vergagenen Jahre teilhaben lassen zu k\u00f6nnen.<\/p>\n\n\n\n<p>Denn davon nur zu erz\u00e4hlen, w\u00e4re definitiv viel zu wenig gewesen. Es reicht einfach nicht nur den Verstand mitzunehmen, es muss auch erlebbar, \u201cerf\u00fchlbar\u201c sein.<\/p>\n\n\n\n<p>So entstand die Idee einer Geschichte, die im vergangenen Jahr immer mehr Gestalt annehmen durfte. In ihr geht es um zwei Protagonistinnen, die sich wirklich \u201csehen\u201d k\u00f6nnen und durch deren besondere Begegnung miteinander, sie letzten Endes auch zu sich selbst finden.<\/p>\n\n\n\n<p>Der Roman ist bis jetzt noch nicht ganz fertig, ich m\u00f6chte Dich aber nicht warten lassen und Dir hier gerne einen kleinen Vorgeschmack schon vorab, vor der Ver\u00f6ffentlichung geben.<\/p>\n\n\n\n<p>Hier findest Du einen Auszug aus den ersten drei Kapiteln des Buches (\u00c4nderungen vorbehalten) mit gro\u00dfem Dank an Leonie Frach, die mir hierf\u00fcr als Lektorin fungierte.<\/p>\n\n\n\n<div class=\"wp-block-file\"><object class=\"wp-block-file__embed\" data=\"https:\/\/ciranje.de\/wp-content\/uploads\/2023\/03\/Auszug-Ich_sehe_dich_mich.pdf\" type=\"application\/pdf\" style=\"width:100%;height:600px\" aria-label=\"Einbettung von Auszug-Ich_sehe_dich_mich.\"><\/object><a id=\"wp-block-file--media-471770b7-b77e-40ad-a8ff-c3a5f29467fe\" href=\"https:\/\/ciranje.de\/wp-content\/uploads\/2023\/03\/Auszug-Ich_sehe_dich_mich.pdf\">Auszug-Ich_sehe_dich_mich<\/a><a href=\"https:\/\/ciranje.de\/wp-content\/uploads\/2023\/03\/Auszug-Ich_sehe_dich_mich.pdf\" class=\"wp-block-file__button wp-element-button\" download aria-describedby=\"wp-block-file--media-471770b7-b77e-40ad-a8ff-c3a5f29467fe\">Herunterladen<\/a><\/div>\n\n\n<div class=\"wp-block-image\">\n<figure class=\"aligncenter size-large\"><img decoding=\"async\" loading=\"lazy\" width=\"290\" height=\"300\" src=\"https:\/\/ciranje.de\/wp-content\/uploads\/2023\/03\/zum_versenden-1-290x300.png\" alt=\"\" class=\"wp-image-165\" srcset=\"https:\/\/ciranje.de\/wp-content\/uploads\/2023\/03\/zum_versenden-1-290x300.png 290w, https:\/\/ciranje.de\/wp-content\/uploads\/2023\/03\/zum_versenden-1-58x60.png 58w, https:\/\/ciranje.de\/wp-content\/uploads\/2023\/03\/zum_versenden-1.png 642w\" sizes=\"(max-width: 290px) 100vw, 290px\" \/><\/figure><\/div>","protected":false},"excerpt":{"rendered":"<p>Als mir auffiel, dass die wirklich wichtigen Dinge, die das Leben lehrt, nicht einfach erkl\u00e4rbar sind und, dass unsere Sprache zum beschreiben wesentlicher Erfahrungen nicht ausreicht, suchte ich nach einer M\u00f6glichkeit, Dich, und m\u00f6glichst viele andere Menschen doch irgendwie an den Erkenntnissen meiner vergagenen Jahre teilhaben lassen zu k\u00f6nnen. Denn davon nur zu erz\u00e4hlen, w\u00e4re &hellip; <\/p>\n","protected":false},"author":1,"featured_media":0,"parent":0,"menu_order":0,"comment_status":"closed","ping_status":"closed","template":"","meta":{"footnotes":""},"_links":{"self":[{"href":"https:\/\/ciranje.de\/index.php\/wp-json\/wp\/v2\/pages\/129"}],"collection":[{"href":"https:\/\/ciranje.de\/index.php\/wp-json\/wp\/v2\/pages"}],"about":[{"href":"https:\/\/ciranje.de\/index.php\/wp-json\/wp\/v2\/types\/page"}],"author":[{"embeddable":true,"href":"https:\/\/ciranje.de\/index.php\/wp-json\/wp\/v2\/users\/1"}],"replies":[{"embeddable":true,"href":"https:\/\/ciranje.de\/index.php\/wp-json\/wp\/v2\/comments?post=129"}],"version-history":[{"count":4,"href":"https:\/\/ciranje.de\/index.php\/wp-json\/wp\/v2\/pages\/129\/revisions"}],"predecessor-version":[{"id":167,"href":"https:\/\/ciranje.de\/index.php\/wp-json\/wp\/v2\/pages\/129\/revisions\/167"}],"wp:attachment":[{"href":"https:\/\/ciranje.de\/index.php\/wp-json\/wp\/v2\/media?parent=129"}],"curies":[{"name":"wp","href":"https:\/\/api.w.org\/{rel}","templated":true}]}}