{"id":206,"date":"2023-03-31T09:42:40","date_gmt":"2023-03-31T07:42:40","guid":{"rendered":"https:\/\/ciranje.de\/?page_id=206"},"modified":"2023-03-31T23:09:44","modified_gmt":"2023-03-31T21:09:44","slug":"impressum","status":"publish","type":"page","link":"https:\/\/ciranje.de\/index.php\/impressum\/","title":{"rendered":"Impressum"},"content":{"rendered":"\n<h3 class=\"wp-block-heading\">Verantwortlich im Sinne des \u00a7 6 MDStV<\/h3>\n\n\n\n<p>Marie-Christine Wagner<\/p>\n\n\n\n<p>c\/o Collegium Recht<br \/>Ostendstra\u00dfe 149-151<br \/>90482 N\u00fcrnberg<br \/>Telefon: <a href=\"tel:+49911801270\">+49.911.80127-0<\/a><br \/>Telefax: +49.911.80127-400<br \/>kontakt@ciranje.de<\/p>\n\n\n\n<h3 class=\"wp-block-heading\">Hinweis<\/h3>\n\n\n\n<p>Ich bem\u00fche mich im Rahmen des Zumutbaren, auf dieser Website richtige und vollst\u00e4ndige Informationen zur Verf\u00fcgung zustellen.<br \/>Ich \u00fcbernehme jedoch keine Haftung oder Garantie f\u00fcr die Aktualit\u00e4t, Richtigkeit und Vollst\u00e4ndigkeit der auf dieser Website bereitgestellten Informationen. Dies gilt auch f\u00fcr alle Verbindungen (&#8222;Links&#8220;), auf die diese Website direkt oder indirekt verweist.<br \/>Ich bin f\u00fcr den Inhalt von Seiten, die mit einem solchen Link erreicht werden, nicht verantwortlich. Ich behalte mir das Recht vor, ohne vorherige Ank\u00fcndigung \u00c4nderungen oder Erg\u00e4nzungen der bereitgestellten Informationen vorzunehmen. Der Inhalt dieser Website ist urheberrechtlich gesch\u00fctzt. Ich gew\u00e4hren Ihnen jedoch das Recht, den auf dieser Website bereitgestellten Text ganz oder in Auschnitten, sowie zum Download bereitgestellte Dokumente zu speichern. Aus Gr\u00fcnden des Urheberrechts ist allerdings die Speicherung und Vervielf\u00e4ltigung von Bildmaterial oder Grafiken aus dieser Website nicht erlaubt.<\/p>\n\n\n\n<h3 class=\"wp-block-heading\">Copyright<\/h3>\n\n\n\n<p>Die Seiteninhalte dieser Homepage stammen teilweise von Dritten, die eine weitere Vervielf\u00e4ltigung und Verbreitung nicht gestatten.<br \/>Die Seiteninhalte dienen der Information und Bildung des jeweiligen Nutzers dieser Homepage. Ver\u00f6ffentlichung, Vervielf\u00e4ltigung und Verbreitung, insbesondere auch von mir zum Download bereitgestellten Dateien, sind nur mit ausdr\u00fccklicher schriftlicher Genehmigung von mir gestattet.<\/p>\n\n\n\n<h3 class=\"wp-block-heading\">Haftung<\/h3>\n\n\n\n<p>Die Seiten dieser Internet-Domain dienen, wie alles von mir, nur der allgemeinen Information und nicht der Beratung in konkreten F\u00e4llen. Daher kann nat\u00fcrlich eine Haftung f\u00fcr konkrete F\u00e4lle hinsichtlich der Seiteninhalte auch nicht \u00fcbernommen werden.<\/p>\n\n\n\n<h3 class=\"wp-block-heading\">Datenschutzerkl\u00e4rung<\/h3>\n\n\n\n<p><a href=\"https:\/\/ciranje.de\/index.php\/datenschutzerklaerung-2\/\">https:\/\/ciranje.de\/index.php\/datenschutzerklaerung-2\/<\/a><\/p>\n\n\n<div class=\"wp-block-image\">\n<figure class=\"aligncenter size-large\"><img decoding=\"async\" loading=\"lazy\" width=\"642\" height=\"664\" src=\"https:\/\/ciranje.de\/wp-content\/uploads\/2023\/03\/zum_versenden-4.png\" alt=\"\" class=\"wp-image-174\" srcset=\"https:\/\/ciranje.de\/wp-content\/uploads\/2023\/03\/zum_versenden-4.png 642w, https:\/\/ciranje.de\/wp-content\/uploads\/2023\/03\/zum_versenden-4-290x300.png 290w, https:\/\/ciranje.de\/wp-content\/uploads\/2023\/03\/zum_versenden-4-58x60.png 58w\" sizes=\"(max-width: 642px) 100vw, 642px\" \/><\/figure><\/div>","protected":false},"excerpt":{"rendered":"<p>Verantwortlich im Sinne des \u00a7 6 MDStV Marie-Christine Wagner c\/o Collegium RechtOstendstra\u00dfe 149-15190482 N\u00fcrnbergTelefon: +49.911.80127-0Telefax: +49.911.80127-400kontakt@ciranje.de Hinweis Ich bem\u00fche mich im Rahmen des Zumutbaren, auf dieser Website richtige und vollst\u00e4ndige Informationen zur Verf\u00fcgung zustellen.Ich \u00fcbernehme jedoch keine Haftung oder Garantie f\u00fcr die Aktualit\u00e4t, Richtigkeit und Vollst\u00e4ndigkeit der auf dieser Website bereitgestellten Informationen. Dies gilt auch &hellip; <\/p>\n","protected":false},"author":1,"featured_media":0,"parent":0,"menu_order":0,"comment_status":"closed","ping_status":"closed","template":"","meta":{"footnotes":""},"_links":{"self":[{"href":"https:\/\/ciranje.de\/index.php\/wp-json\/wp\/v2\/pages\/206"}],"collection":[{"href":"https:\/\/ciranje.de\/index.php\/wp-json\/wp\/v2\/pages"}],"about":[{"href":"https:\/\/ciranje.de\/index.php\/wp-json\/wp\/v2\/types\/page"}],"author":[{"embeddable":true,"href":"https:\/\/ciranje.de\/index.php\/wp-json\/wp\/v2\/users\/1"}],"replies":[{"embeddable":true,"href":"https:\/\/ciranje.de\/index.php\/wp-json\/wp\/v2\/comments?post=206"}],"version-history":[{"count":3,"href":"https:\/\/ciranje.de\/index.php\/wp-json\/wp\/v2\/pages\/206\/revisions"}],"predecessor-version":[{"id":215,"href":"https:\/\/ciranje.de\/index.php\/wp-json\/wp\/v2\/pages\/206\/revisions\/215"}],"wp:attachment":[{"href":"https:\/\/ciranje.de\/index.php\/wp-json\/wp\/v2\/media?parent=206"}],"curies":[{"name":"wp","href":"https:\/\/api.w.org\/{rel}","templated":true}]}}