{"id":264,"date":"2024-11-16T11:09:46","date_gmt":"2024-11-16T10:09:46","guid":{"rendered":"https:\/\/ciranje.de\/?page_id=264"},"modified":"2025-08-24T20:19:22","modified_gmt":"2025-08-24T18:19:22","slug":"hypnose-systemik","status":"publish","type":"page","link":"https:\/\/ciranje.de\/index.php\/hypnose-systemik\/","title":{"rendered":"Hypnose &amp; Systemik"},"content":{"rendered":"\n<p>Lange habt ihr mir damit in den Ohren gelegen und jetzt ist es endlich soweit:<\/p>\n\n\n\n<p>Ab Dezember 2024 kannst Du nun auch 1:1 online oder vor Ort (nach Absprache) mit mir zusammenarbeiten.<\/p>\n\n\n\n<p>Ich biete Dir Unterst\u00fctzung in Form von Hypnose und systemischen Arbeiten kombiniert mit anderen, nun seit Fr\u00fchjahr 2023 mehrfach erprobten Coaching-Tools in Form von Hypnosystemischen-Coaching.<\/p>\n\n\n\n<p>Ich unterst\u00fctze Dich bei den Dingen, die Dir auf unterbewusster Ebene Deinen Zielen, Tr\u00e4umen und W\u00fcnschen f\u00fcr Dein Leben im Weg stehen. Das kann z.B. sein: <\/p>\n\n\n\n<p>\u2022 immer zu sp\u00e4t kommen;<\/p>\n\n\n\n<p>\u2022 nicht zu wissen was oder wie man etwas will;<\/p>\n\n\n\n<p>\u2022 nie Zeit haben;<\/p>\n\n\n\n<p>\u2022 Gedankenkarusell;<\/p>\n\n\n\n<p>\u2022 Pr\u00fcfungsangst;<\/p>\n\n\n\n<p>\u2022 schlechtes (ein)schlafen;<\/p>\n\n\n\n<p>\u2022 schlechtes Essverhalten;<\/p>\n\n\n\n<p>\u2022 nicht aufh\u00f6ren k\u00f6nnen mit bestimmten Verhalten (zB Rauchen, Unordnung, Schulden machen,\u2026);<\/p>\n\n\n\n<p>\u2022 Selbstsabotage in jeglicher Form;<\/p>\n\n\n\n<p><\/p>\n\n\n\n<p>Wenn Du das Gef\u00fchl hast, Hypnose k\u00f6nnte DAS Tool f\u00fcr Dich sein, nach dem Du die ganze Zeit gesucht hast und Dein Thema\/Problem\/Anliegen ist hier nicht gelistet, schreib mir gerne eine Mail und ich berate Dich diesbez\u00fcglich gerne.<\/p>\n\n\n\n<p>F\u00fcr mich hat das Arbeiten mit all meinen Methoden, insbesondere mit Hypnose, mein Leben jedenfalls total ver\u00e4ndert und erleichtert. Ich bin so dankbar das alles gefunden und jetzt auch weitergeben zu k\u00f6nnen.<\/p>\n\n\n\n<p class=\"has-text-align-center\"><strong>Im Moment kannst Du bei mir \u201enur\u201c ein Basispaket von zwei Coaching Sitzungen von je 1h zu je 185\u20ac buchen, dass bei Bedarf um weitere Stunden zu gleichen Konditionen erweitert werden kann<\/strong>.<\/p>\n\n\n\n<p>Bitte habe Verst\u00e4ndnis daf\u00fcr, dass ein gr\u00f6\u00dferes Paket derzeit nicht von vornherein m\u00f6glich ist. <\/p>\n\n\n\n<p>Bitte Kalkuliere auch eine Wartezeit auf das Coaching von einigen Wochen ein, denn meine Warteliste ist aktuell mehr als voll, sodass ich nur sehr dringliche F\u00e4lle fr\u00fcher dazwischen schieben werde.<\/p>\n\n\n\n<p class=\"has-text-align-center\">Gerne treffe ich mich online oder vor Ort (Raum N\u00fcrnberg) mit Dir auf ein <strong>unverbindliches, kostenloses Kennenlerngespr\u00e4ch<\/strong> von 30-60min, denn obwohl mein Kalender sehr voll ist, wei\u00df ich, dass nichts wichtiger ist, als ein <em>Match<\/em> zwischen Coach und Klient. Ich werde Dich hierbei ganz bewusst nicht zu irgendetwas \u00fcberreden, weil ich zutiefst davon \u00fcberzeugt bin, dass dies einem bestm\u00f6glichen Ergebnis nicht f\u00f6rderlich ist. Vielmehr bekommst Du, wenn Du Dich und auch ich mich f\u00fcr meine Begleitung bei Deinem Anliegen entscheiden 100% Commitment und Unterst\u00fctzung hin zu Deiner f\u00fcr Dich bestgeeigneten L\u00f6sung.<\/p>\n\n\n\n<p>Ich freue mich schon jetzt darauf, von Dir zu h\u00f6ren und mit Dir arbeiten zu d\u00fcrfen.<\/p>\n\n\n\n<p><\/p>\n\n\n\n<p>Schreib mir hierzu bitte unter <\/p>\n\n\n\n<p>coaching@ciranje.de<\/p>\n\n\n\n<p>eine Mail und ich werde mich bem\u00fchen sie baldm\u00f6glichst pers\u00f6nlich zu beantworten.<\/p>\n\n\n\n<p><\/p>\n\n\n\n<p>Vergiss nicht, dass Du mit dem an dem Du da gerade schwer tr\u00e4gst nicht alleine bist &#8211; wir alle haben unsere ganz eigenen P\u00e4ckchen. Sich dabei Unterst\u00fctzung zu suchen, ist keine Form von Schw\u00e4che, sondern von St\u00e4rke und Entschlossenheit etwas besseres verdient zu haben. Egal was Dein Problem ist, es ver\u00e4ndert nichts an Deinem Wert.<\/p>\n\n\n\n<p>Du bist so wertvoll und das zu leugnen w\u00e4re ein Verlust f\u00fcr uns alle.<\/p>\n\n\n\n<p>F\u00fchl Dich gedr\u00fcckt und gesehen<\/p>\n\n\n\n<p>ganz viel Liebe an Dich<\/p>\n\n\n\n<p>Deine Ciranje<\/p>\n\n\n\n<p class=\"has-text-align-center\"><\/p>\n\n\n<div class=\"wp-block-image\">\n<figure class=\"aligncenter size-large\"><img decoding=\"async\" loading=\"lazy\" width=\"642\" height=\"664\" src=\"https:\/\/ciranje.de\/wp-content\/uploads\/2023\/03\/zum_versenden-4.png\" alt=\"\" class=\"wp-image-174\" srcset=\"https:\/\/ciranje.de\/wp-content\/uploads\/2023\/03\/zum_versenden-4.png 642w, https:\/\/ciranje.de\/wp-content\/uploads\/2023\/03\/zum_versenden-4-290x300.png 290w, https:\/\/ciranje.de\/wp-content\/uploads\/2023\/03\/zum_versenden-4-58x60.png 58w\" sizes=\"(max-width: 642px) 100vw, 642px\" \/><\/figure><\/div>","protected":false},"excerpt":{"rendered":"<p>Lange habt ihr mir damit in den Ohren gelegen und jetzt ist es endlich soweit: Ab Dezember 2024 kannst Du nun auch 1:1 online oder vor Ort (nach Absprache) mit mir zusammenarbeiten. Ich biete Dir Unterst\u00fctzung in Form von Hypnose und systemischen Arbeiten kombiniert mit anderen, nun seit Fr\u00fchjahr 2023 mehrfach erprobten Coaching-Tools in Form &hellip; <\/p>\n","protected":false},"author":1,"featured_media":0,"parent":0,"menu_order":0,"comment_status":"closed","ping_status":"closed","template":"","meta":{"footnotes":""},"_links":{"self":[{"href":"https:\/\/ciranje.de\/index.php\/wp-json\/wp\/v2\/pages\/264"}],"collection":[{"href":"https:\/\/ciranje.de\/index.php\/wp-json\/wp\/v2\/pages"}],"about":[{"href":"https:\/\/ciranje.de\/index.php\/wp-json\/wp\/v2\/types\/page"}],"author":[{"embeddable":true,"href":"https:\/\/ciranje.de\/index.php\/wp-json\/wp\/v2\/users\/1"}],"replies":[{"embeddable":true,"href":"https:\/\/ciranje.de\/index.php\/wp-json\/wp\/v2\/comments?post=264"}],"version-history":[{"count":6,"href":"https:\/\/ciranje.de\/index.php\/wp-json\/wp\/v2\/pages\/264\/revisions"}],"predecessor-version":[{"id":271,"href":"https:\/\/ciranje.de\/index.php\/wp-json\/wp\/v2\/pages\/264\/revisions\/271"}],"wp:attachment":[{"href":"https:\/\/ciranje.de\/index.php\/wp-json\/wp\/v2\/media?parent=264"}],"curies":[{"name":"wp","href":"https:\/\/api.w.org\/{rel}","templated":true}]}}