{"id":93,"date":"2023-03-16T18:26:58","date_gmt":"2023-03-16T17:26:58","guid":{"rendered":"https:\/\/ciranje.de\/?page_id=93"},"modified":"2023-03-29T21:58:47","modified_gmt":"2023-03-29T19:58:47","slug":"danke-danke-danke","status":"publish","type":"page","link":"https:\/\/ciranje.de\/index.php\/danke-danke-danke\/","title":{"rendered":"Danke, danke, danke\u2026"},"content":{"rendered":"\n<p>Wie ich mit jedem Schritt, den ich in letzter Zeit gegangen bin, mehr und mehr erkennen durfte, handelt es sich bei allen gro\u00dfen Projekten und Visionen im Grunde um eine Zusammenarbeit vieler gro\u00dfartigen Menschen. <\/p>\n\n\n\n<p>Deshalb gilt all mein <mark style=\"background-color: rgba(0,0,0,0); color: #f78da7\" class=\"has-inline-color has-pale-pink-color\">Applaus<\/mark> und meine <mark style=\"background-color: rgba(0,0,0,0); color: #f78da7\" class=\"has-inline-color has-pale-pink-color\">Dankbarkeit<\/mark> euch:<\/p>\n\n\n\n<p>\u2022 <mark style=\"background-color: rgba(0,0,0,0); color: #f78da7\" class=\"has-inline-color has-pale-pink-color\">Anna-Maria<\/mark>, insbesondere f\u00fcr viele besondere Blickwinkel auf die Welt und manch ein so entstandenes Foto;<\/p>\n\n\n\n<p>\u2022 <mark style=\"background-color: rgba(0,0,0,0); color: #f78da7\" class=\"has-inline-color has-pale-pink-color\">Dario<\/mark>, insbesondere f\u00fcr die gro\u00dfartige musikalische Unterst\u00fctzung, die mein Herz tief ber\u00fchrt hat;<\/p>\n\n\n\n<p>\u2022 <mark style=\"background-color: rgba(0,0,0,0); color: #f78da7\" class=\"has-inline-color has-pale-pink-color\">Ebru<\/mark>, insbesondere f\u00fcr das beobachten und aufl\u00f6sen von Kreisbewegungen hin zu Spiralen;<\/p>\n\n\n\n<p>\u2022 <mark style=\"background-color: rgba(0,0,0,0); color: #f78da7\" class=\"has-inline-color has-pale-pink-color\">Eva<\/mark>, insbesondere f\u00fcr all die Inspiration und M\u00f6glichkeiten;<\/p>\n\n\n\n<p>\u2022 <mark style=\"background-color: rgba(0,0,0,0); color: #f78da7\" class=\"has-inline-color has-pale-pink-color\">Hermine<\/mark>, insbesondere f\u00fcr all die notwendigen oder unn\u00f6tigen Pausen und all deine Liebe;<\/p>\n\n\n\n<p>\u2022 <mark style=\"background-color: rgba(0,0,0,0); color: #f78da7\" class=\"has-inline-color has-pale-pink-color\">Lena<\/mark>, insbesondere f\u00fcr deinen unaufh\u00f6rlichen Zuspruch und dein Vertrauen in F\u00e4higkeiten von mir, die ich selbst noch nicht kannte;<\/p>\n\n\n\n<p>\u2022 <mark style=\"background-color: rgba(0,0,0,0); color: #f78da7\" class=\"has-inline-color has-pale-pink-color\">Leo<\/mark>, insbesondere f\u00fcr den todehrlichen Austausch, die vielen anregenden Ideen und deine Hilfe bei allem was mit Gestaltung und Social Media zu tun hat;<\/p>\n\n\n\n<p>\u2022 <mark style=\"background-color: rgba(0,0,0,0); color: #f78da7\" class=\"has-inline-color has-pale-pink-color\">Malte<\/mark>, insbesondere daf\u00fcr, dass du mir gezeigt hast, dass es immer auch eine bessere Option gibt und man f\u00fcr diese losgehen kann;<\/p>\n\n\n\n<p>\u2022 <mark style=\"background-color: rgba(0,0,0,0); color: #f78da7\" class=\"has-inline-color has-pale-pink-color\">Markus<\/mark>, insbesondere f\u00fcr Bedingungslosigkeit und nat\u00fcrlich auch die rechtliche Unterst\u00fctzung;<\/p>\n\n\n\n<p>\u2022 <mark style=\"background-color: rgba(0,0,0,0); color: #f78da7\" class=\"has-inline-color has-pale-pink-color\">Marion<\/mark>, insbesondere f\u00fcr all das was ich bin, war und sein werde;<\/p>\n\n\n\n<p>\u2022 <mark style=\"background-color: rgba(0,0,0,0); color: #f78da7\" class=\"has-inline-color has-pale-pink-color\">Natasha<\/mark>, insbesondere f\u00fcr die Behebung meiner Unsicherheiten in der deutschen RECHTschreibung als LINKSh\u00e4nderin;<\/p>\n\n\n\n<p>\u2022 <mark style=\"background-color: rgba(0,0,0,0); color: #f78da7\" class=\"has-inline-color has-pale-pink-color\">Shelly<\/mark>, insbesondere f\u00fcr den unersch\u00fctterlichen Glauben an mich und all die Dinge, die ich tue, sowie den uneingeschr\u00e4nkten Support im Bereich von Audio und Social Media;<\/p>\n\n\n\n<p>\u2022 <mark style=\"background-color: rgba(0,0,0,0); color: #f78da7\" class=\"has-inline-color has-pale-pink-color\">Ute<\/mark>, insbesondere f\u00fcr die unz\u00e4hligen Denkanst\u00f6\u00dfe und das viele Werkzeug, mit Anleitung, f\u00fcr ein bunteres Leben;<\/p>\n\n\n\n<p>\u2022 <mark style=\"background-color: rgba(0,0,0,0); color: #f78da7\" class=\"has-inline-color has-pale-pink-color\">Utzi<\/mark>, insbesondere f\u00fcr deine Zweifellosigkeit der Umsetzung meiner Tr\u00e4ume gegen\u00fcber und deinen Unersetzlichen Support bei allem technischen;<\/p>\n\n\n\n<p>\u2022 <mark style=\"background-color: rgba(0,0,0,0); color: #f78da7\" class=\"has-inline-color has-pale-pink-color\">Walter<\/mark>, insbesondere f\u00fcr so viel geteilte Liebe, Gl\u00fcck, unsere wundervolle Tochter und nat\u00fcrlich auch den finanziellen Background;<\/p>\n\n\n\n<p>Und <mark style=\"background-color: rgba(0,0,0,0); color: #f78da7\" class=\"has-inline-color has-pale-pink-color\">all jenen<\/mark>, die mich immer wieder aufgebaut haben, die dann mein Licht gesehen haben, wenn ich es selbst nicht konnte und die mir mit ehrlichem Feedback und Feedforward stets weitergeholfen haben.<\/p>\n\n\n\n<p><mark style=\"background-color: rgba(0,0,0,0); color: #f78da7\" class=\"has-inline-color has-pale-pink-color\">Danke, danke, danke<\/mark>, dass ihr mit mir gegangen seid und immer noch geht. Ihr bringt mein Leben zum strahlen und macht mich zu einem unsagbar reichen Menschen. <\/p>\n\n\n<div class=\"wp-block-image\">\n<figure class=\"aligncenter size-large\"><img decoding=\"async\" loading=\"lazy\" width=\"290\" height=\"300\" src=\"https:\/\/ciranje.de\/wp-content\/uploads\/2023\/03\/zum_versenden-2-290x300.png\" alt=\"\" class=\"wp-image-168\" srcset=\"https:\/\/ciranje.de\/wp-content\/uploads\/2023\/03\/zum_versenden-2-290x300.png 290w, https:\/\/ciranje.de\/wp-content\/uploads\/2023\/03\/zum_versenden-2-58x60.png 58w, https:\/\/ciranje.de\/wp-content\/uploads\/2023\/03\/zum_versenden-2.png 642w\" sizes=\"(max-width: 290px) 100vw, 290px\" \/><\/figure><\/div>","protected":false},"excerpt":{"rendered":"<p>Wie ich mit jedem Schritt, den ich in letzter Zeit gegangen bin, mehr und mehr erkennen durfte, handelt es sich bei allen gro\u00dfen Projekten und Visionen im Grunde um eine Zusammenarbeit vieler gro\u00dfartigen Menschen. Deshalb gilt all mein Applaus und meine Dankbarkeit euch: \u2022 Anna-Maria, insbesondere f\u00fcr viele besondere Blickwinkel auf die Welt und manch &hellip; <\/p>\n","protected":false},"author":1,"featured_media":0,"parent":0,"menu_order":0,"comment_status":"closed","ping_status":"closed","template":"","meta":{"footnotes":""},"_links":{"self":[{"href":"https:\/\/ciranje.de\/index.php\/wp-json\/wp\/v2\/pages\/93"}],"collection":[{"href":"https:\/\/ciranje.de\/index.php\/wp-json\/wp\/v2\/pages"}],"about":[{"href":"https:\/\/ciranje.de\/index.php\/wp-json\/wp\/v2\/types\/page"}],"author":[{"embeddable":true,"href":"https:\/\/ciranje.de\/index.php\/wp-json\/wp\/v2\/users\/1"}],"replies":[{"embeddable":true,"href":"https:\/\/ciranje.de\/index.php\/wp-json\/wp\/v2\/comments?post=93"}],"version-history":[{"count":9,"href":"https:\/\/ciranje.de\/index.php\/wp-json\/wp\/v2\/pages\/93\/revisions"}],"predecessor-version":[{"id":198,"href":"https:\/\/ciranje.de\/index.php\/wp-json\/wp\/v2\/pages\/93\/revisions\/198"}],"wp:attachment":[{"href":"https:\/\/ciranje.de\/index.php\/wp-json\/wp\/v2\/media?parent=93"}],"curies":[{"name":"wp","href":"https:\/\/api.w.org\/{rel}","templated":true}]}}